{"id":756,"date":"2025-01-13T11:30:12","date_gmt":"2025-01-13T11:30:12","guid":{"rendered":"https:\/\/ftcable.com\/?page_id=756"},"modified":"2025-01-21T04:41:02","modified_gmt":"2025-01-21T04:41:02","slug":"company-profile","status":"publish","type":"page","link":"https:\/\/www.ftcable.com\/pt\/company-profile\/","title":{"rendered":"Perfil Da Empresa"},"content":{"rendered":"<div data-elementor-type=\"wp-page\" data-elementor-id=\"756\" class=\"elementor elementor-756\" data-elementor-post-type=\"page\">\n\t\t\t\t<div class=\"elementor-element elementor-element-f675dfa e-flex e-con-boxed e-con e-parent\" data-id=\"f675dfa\" data-element_type=\"container\" data-settings=\"{&quot;background_background&quot;:&quot;classic&quot;}\">\n\t\t\t\t\t<div class=\"e-con-inner\">\n\t\t\t\t<div class=\"elementor-element elementor-element-b404e23 elementor-widget elementor-widget-heading\" data-id=\"b404e23\" data-element_type=\"widget\" data-widget_type=\"heading.default\">\n\t\t\t\t<div class=\"elementor-widget-container\">\n\t\t\t\t\t<h2 class=\"elementor-heading-title elementor-size-default\">HOME>company profile<\/h2>\t\t\t\t<\/div>\n\t\t\t\t<\/div>\n\t\t\t\t\t<\/div>\n\t\t\t\t<\/div>\n\t\t<div class=\"elementor-element elementor-element-ecbc22c e-flex e-con-boxed e-con e-parent\" data-id=\"ecbc22c\" data-element_type=\"container\">\n\t\t\t\t\t<div class=\"e-con-inner\">\n\t\t<div class=\"elementor-element elementor-element-4a0af7c e-con-full e-flex e-con e-child\" data-id=\"4a0af7c\" data-element_type=\"container\">\n\t\t<div class=\"elementor-element elementor-element-43fefb0 e-con-full e-flex e-con e-child\" data-id=\"43fefb0\" data-element_type=\"container\">\n\t\t\t\t<div class=\"elementor-element elementor-element-ae6e629 elementor-widget-divider--view-line elementor-widget elementor-widget-divider\" data-id=\"ae6e629\" data-element_type=\"widget\" data-widget_type=\"divider.default\">\n\t\t\t\t<div class=\"elementor-widget-container\">\n\t\t\t\t\t\t\t<div class=\"elementor-divider\">\n\t\t\t<span class=\"elementor-divider-separator\">\n\t\t\t\t\t\t<\/span>\n\t\t<\/div>\n\t\t\t\t\t\t<\/div>\n\t\t\t\t<\/div>\n\t\t\t\t<div class=\"elementor-element elementor-element-f486263 elementor-widget elementor-widget-heading\" data-id=\"f486263\" data-element_type=\"widget\" data-widget_type=\"heading.default\">\n\t\t\t\t<div class=\"elementor-widget-container\">\n\t\t\t\t\t<h2 class=\"elementor-heading-title elementor-size-default\"><b>About us<\/b><\/h2>\t\t\t\t<\/div>\n\t\t\t\t<\/div>\n\t\t\t\t<div class=\"elementor-element elementor-element-dacbbd0 elementor-widget elementor-widget-text-editor\" data-id=\"dacbbd0\" data-element_type=\"widget\" data-widget_type=\"text-editor.default\">\n\t\t\t\t<div class=\"elementor-widget-container\">\n\t\t\t\t\t\t\t\t\t<p>F. T Cable Co., Ltd is a comprehensive enterprise integrating &#8220;R&amp;D&#8221;, &#8220;production&#8221;, &#8220;sales&#8221; and &#8220;after-sales&#8221;. The company covers an area of more than 3,000 acres and has more than 2,000 employees. Including engineers, R&amp;D teams, professional and technical personnel and other diversified talents, it can produce 6 categories, more than 500 varieties, and more than 16,000 specifications of wires and cables. Such as cross-linked power cables, medium-voltage\/high-voltage power cables, PVC power cables, branch cables, control cables, flame-retardant cables for coal mines, flame-retardant and fire-resistant cables, low-smoke and low-halogen cables, low-smoke halogen-free cables, overhead cables, rubber sheathed cables, PVC wires, steel-core aluminum stranded wires, silicone cables, etc.<\/p>\t\t\t\t\t\t\t\t<\/div>\n\t\t\t\t<\/div>\n\t\t<div class=\"elementor-element elementor-element-7ee56ea e-con-full e-flex e-con e-child\" data-id=\"7ee56ea\" data-element_type=\"container\">\n\t\t\t\t<div class=\"elementor-element elementor-element-977ff06 elementor-widget__width-initial elementor-widget-mobile__width-inherit elementor-icon-list--layout-traditional elementor-list-item-link-full_width elementor-invisible elementor-widget elementor-widget-icon-list\" data-id=\"977ff06\" data-element_type=\"widget\" data-settings=\"{&quot;_animation&quot;:&quot;fadeIn&quot;}\" data-widget_type=\"icon-list.default\">\n\t\t\t\t<div class=\"elementor-widget-container\">\n\t\t\t\t\t\t\t<ul class=\"elementor-icon-list-items\">\n\t\t\t\t\t\t\t<li class=\"elementor-icon-list-item\">\n\t\t\t\t\t\t\t\t\t\t\t<span class=\"elementor-icon-list-icon\">\n\t\t\t\t\t\t\t<svg xmlns=\"http:\/\/www.w3.org\/2000\/svg\" id=\"fa0b17c7-412d-4376-bb37-94dca2d30d12\" data-name=\"Layer 1\" width=\"32\" height=\"32\" viewbox=\"0 0 32 32\"><circle cx=\"16\" cy=\"16\" r=\"16\" style=\"isolation:isolate\"><\/circle><path d=\"M10.877,16.4545,15.21,21,23.877,11\" transform=\"translate(-0.877)\" style=\"fill:none;stroke:#0d3276\"><\/path><\/svg>\t\t\t\t\t\t<\/span>\n\t\t\t\t\t\t\t\t\t\t<span class=\"elementor-icon-list-text\">High quality products<\/span>\n\t\t\t\t\t\t\t\t\t<\/li>\n\t\t\t\t\t\t\t\t<li class=\"elementor-icon-list-item\">\n\t\t\t\t\t\t\t\t\t\t\t<span class=\"elementor-icon-list-icon\">\n\t\t\t\t\t\t\t<svg xmlns=\"http:\/\/www.w3.org\/2000\/svg\" id=\"fa0b17c7-412d-4376-bb37-94dca2d30d12\" data-name=\"Layer 1\" width=\"32\" height=\"32\" viewbox=\"0 0 32 32\"><circle cx=\"16\" cy=\"16\" r=\"16\" style=\"isolation:isolate\"><\/circle><path d=\"M10.877,16.4545,15.21,21,23.877,11\" transform=\"translate(-0.877)\" style=\"fill:none;stroke:#0d3276\"><\/path><\/svg>\t\t\t\t\t\t<\/span>\n\t\t\t\t\t\t\t\t\t\t<span class=\"elementor-icon-list-text\">Available 24\/7 <\/span>\n\t\t\t\t\t\t\t\t\t<\/li>\n\t\t\t\t\t\t\t\t<li class=\"elementor-icon-list-item\">\n\t\t\t\t\t\t\t\t\t\t\t<span class=\"elementor-icon-list-icon\">\n\t\t\t\t\t\t\t<svg xmlns=\"http:\/\/www.w3.org\/2000\/svg\" id=\"fa0b17c7-412d-4376-bb37-94dca2d30d12\" data-name=\"Layer 1\" width=\"32\" height=\"32\" viewbox=\"0 0 32 32\"><circle cx=\"16\" cy=\"16\" r=\"16\" style=\"isolation:isolate\"><\/circle><path d=\"M10.877,16.4545,15.21,21,23.877,11\" transform=\"translate(-0.877)\" style=\"fill:none;stroke:#0d3276\"><\/path><\/svg>\t\t\t\t\t\t<\/span>\n\t\t\t\t\t\t\t\t\t\t<span class=\"elementor-icon-list-text\">Favorable price<\/span>\n\t\t\t\t\t\t\t\t\t<\/li>\n\t\t\t\t\t\t<\/ul>\n\t\t\t\t\t\t<\/div>\n\t\t\t\t<\/div>\n\t\t\t\t<div class=\"elementor-element elementor-element-b5648cb elementor-widget__width-initial elementor-widget-mobile__width-inherit elementor-icon-list--layout-traditional elementor-list-item-link-full_width elementor-invisible elementor-widget elementor-widget-icon-list\" data-id=\"b5648cb\" data-element_type=\"widget\" data-settings=\"{&quot;_animation&quot;:&quot;fadeIn&quot;}\" data-widget_type=\"icon-list.default\">\n\t\t\t\t<div class=\"elementor-widget-container\">\n\t\t\t\t\t\t\t<ul class=\"elementor-icon-list-items\">\n\t\t\t\t\t\t\t<li class=\"elementor-icon-list-item\">\n\t\t\t\t\t\t\t\t\t\t\t<span class=\"elementor-icon-list-icon\">\n\t\t\t\t\t\t\t<svg xmlns=\"http:\/\/www.w3.org\/2000\/svg\" id=\"fa0b17c7-412d-4376-bb37-94dca2d30d12\" data-name=\"Layer 1\" width=\"32\" height=\"32\" viewbox=\"0 0 32 32\"><circle cx=\"16\" cy=\"16\" r=\"16\" style=\"isolation:isolate\"><\/circle><path d=\"M10.877,16.4545,15.21,21,23.877,11\" transform=\"translate(-0.877)\" style=\"fill:none;stroke:#0d3276\"><\/path><\/svg>\t\t\t\t\t\t<\/span>\n\t\t\t\t\t\t\t\t\t\t<span class=\"elementor-icon-list-text\">Source factory<\/span>\n\t\t\t\t\t\t\t\t\t<\/li>\n\t\t\t\t\t\t\t\t<li class=\"elementor-icon-list-item\">\n\t\t\t\t\t\t\t\t\t\t\t<span class=\"elementor-icon-list-icon\">\n\t\t\t\t\t\t\t<svg xmlns=\"http:\/\/www.w3.org\/2000\/svg\" id=\"fa0b17c7-412d-4376-bb37-94dca2d30d12\" data-name=\"Layer 1\" width=\"32\" height=\"32\" viewbox=\"0 0 32 32\"><circle cx=\"16\" cy=\"16\" r=\"16\" style=\"isolation:isolate\"><\/circle><path d=\"M10.877,16.4545,15.21,21,23.877,11\" transform=\"translate(-0.877)\" style=\"fill:none;stroke:#0d3276\"><\/path><\/svg>\t\t\t\t\t\t<\/span>\n\t\t\t\t\t\t\t\t\t\t<span class=\"elementor-icon-list-text\">Free follow-ups<\/span>\n\t\t\t\t\t\t\t\t\t<\/li>\n\t\t\t\t\t\t\t\t<li class=\"elementor-icon-list-item\">\n\t\t\t\t\t\t\t\t\t\t\t<span class=\"elementor-icon-list-icon\">\n\t\t\t\t\t\t\t<svg xmlns=\"http:\/\/www.w3.org\/2000\/svg\" id=\"fa0b17c7-412d-4376-bb37-94dca2d30d12\" data-name=\"Layer 1\" width=\"32\" height=\"32\" viewbox=\"0 0 32 32\"><circle cx=\"16\" cy=\"16\" r=\"16\" style=\"isolation:isolate\"><\/circle><path d=\"M10.877,16.4545,15.21,21,23.877,11\" transform=\"translate(-0.877)\" style=\"fill:none;stroke:#0d3276\"><\/path><\/svg>\t\t\t\t\t\t<\/span>\n\t\t\t\t\t\t\t\t\t\t<span class=\"elementor-icon-list-text\">quick response<\/span>\n\t\t\t\t\t\t\t\t\t<\/li>\n\t\t\t\t\t\t<\/ul>\n\t\t\t\t\t\t<\/div>\n\t\t\t\t<\/div>\n\t\t\t\t<\/div>\n\t\t\t\t<\/div>\n\t\t\t\t<\/div>\n\t\t<div class=\"elementor-element elementor-element-651da98 e-con-full e-flex e-con e-child\" data-id=\"651da98\" data-element_type=\"container\">\n\t\t<div class=\"elementor-element elementor-element-ff431a0 e-con-full e-flex e-con e-child\" data-id=\"ff431a0\" data-element_type=\"container\">\n\t\t\t\t<div class=\"elementor-element elementor-element-e177b2a elementor-widget-tablet__width-inherit elementor-cta--skin-classic elementor-animated-content elementor-bg-transform elementor-bg-transform-zoom-in elementor-widget elementor-widget-call-to-action\" data-id=\"e177b2a\" data-element_type=\"widget\" data-widget_type=\"call-to-action.default\">\n\t\t\t\t<div class=\"elementor-widget-container\">\n\t\t\t\t\t\t\t<div class=\"elementor-cta\">\n\t\t\t\t\t<div class=\"elementor-cta__bg-wrapper\">\n\t\t\t\t<div class=\"elementor-cta__bg elementor-bg\" style=\"background-image: url(https:\/\/www.ftcable.com\/wp-content\/uploads\/\u5de5\u5382\u8bbe\u5907-14.jpg);\" role=\"img\" aria-label=\"\u5de5\u5382\u8bbe\u5907 (14)\"><\/div>\n\t\t\t\t<div class=\"elementor-cta__bg-overlay\"><\/div>\n\t\t\t<\/div>\n\t\t\t\t\t\t\t\t<\/div>\n\t\t\t\t\t\t<\/div>\n\t\t\t\t<\/div>\n\t\t\t\t<\/div>\n\t\t\t\t<\/div>\n\t\t\t\t\t<\/div>\n\t\t\t\t<\/div>\n\t\t<div class=\"elementor-element elementor-element-5fc70c16 e-con-full e-flex e-con e-parent\" data-id=\"5fc70c16\" data-element_type=\"container\" data-settings=\"{&quot;background_background&quot;:&quot;gradient&quot;}\">\n\t\t<div class=\"elementor-element elementor-element-26d71c e-con-full e-flex e-con e-child\" data-id=\"26d71c\" data-element_type=\"container\">\n\t\t\t\t<div class=\"elementor-element elementor-element-40daaad0 elementor-widget-tablet__width-inherit elementor-cta--skin-classic elementor-animated-content elementor-bg-transform elementor-bg-transform-zoom-in elementor-widget elementor-widget-call-to-action\" data-id=\"40daaad0\" data-element_type=\"widget\" data-widget_type=\"call-to-action.default\">\n\t\t\t\t<div class=\"elementor-widget-container\">\n\t\t\t\t\t\t\t<div class=\"elementor-cta\">\n\t\t\t\t\t<div class=\"elementor-cta__bg-wrapper\">\n\t\t\t\t<div class=\"elementor-cta__bg elementor-bg\" style=\"background-image: url(https:\/\/www.ftcable.com\/wp-content\/uploads\/\u5de5\u5382\u8bbe\u5907-3.jpg);\" role=\"img\" aria-label=\"\u5de5\u5382\u8bbe\u5907 (3)\"><\/div>\n\t\t\t\t<div class=\"elementor-cta__bg-overlay\"><\/div>\n\t\t\t<\/div>\n\t\t\t\t\t\t\t\t<\/div>\n\t\t\t\t\t\t<\/div>\n\t\t\t\t<\/div>\n\t\t\t\t<div class=\"elementor-element elementor-element-1602c245 elementor-widget__width-initial elementor-absolute elementor-widget elementor-widget-spacer\" data-id=\"1602c245\" data-element_type=\"widget\" data-settings=\"{&quot;_position&quot;:&quot;absolute&quot;}\" data-widget_type=\"spacer.default\">\n\t\t\t\t<div class=\"elementor-widget-container\">\n\t\t\t\t\t\t\t<div class=\"elementor-spacer\">\n\t\t\t<div class=\"elementor-spacer-inner\"><\/div>\n\t\t<\/div>\n\t\t\t\t\t\t<\/div>\n\t\t\t\t<\/div>\n\t\t\t\t<\/div>\n\t\t<div class=\"elementor-element elementor-element-393a6bef e-con-full e-flex e-con e-child\" data-id=\"393a6bef\" data-element_type=\"container\">\n\t\t\t\t<div class=\"elementor-element elementor-element-4972bd5b elementor-widget-divider--view-line elementor-widget elementor-widget-divider\" data-id=\"4972bd5b\" data-element_type=\"widget\" data-widget_type=\"divider.default\">\n\t\t\t\t<div class=\"elementor-widget-container\">\n\t\t\t\t\t\t\t<div class=\"elementor-divider\">\n\t\t\t<span class=\"elementor-divider-separator\">\n\t\t\t\t\t\t<\/span>\n\t\t<\/div>\n\t\t\t\t\t\t<\/div>\n\t\t\t\t<\/div>\n\t\t\t\t<div class=\"elementor-element elementor-element-2eb306a6 elementor-widget elementor-widget-heading\" data-id=\"2eb306a6\" data-element_type=\"widget\" data-widget_type=\"heading.default\">\n\t\t\t\t<div class=\"elementor-widget-container\">\n\t\t\t\t\t<h2 class=\"elementor-heading-title elementor-size-default\"><b>Our team<\/b><\/h2>\t\t\t\t<\/div>\n\t\t\t\t<\/div>\n\t\t\t\t<div class=\"elementor-element elementor-element-7e1957be elementor-widget elementor-widget-text-editor\" data-id=\"7e1957be\" data-element_type=\"widget\" data-widget_type=\"text-editor.default\">\n\t\t\t\t<div class=\"elementor-widget-container\">\n\t\t\t\t\t\t\t\t\t<p>F.T Cable Co., Ltd. has become a comprehensive enterprise integrating \u2018research and development\u2019, \u2018production\u2019, \u2018sales\u2019 and \u2018after-sales\u2019. The company covers an area of more than 90 acres, with more than 200 employees. Including engineers, R &amp; D team, professional and technical personnel and other diversified talents, can produce 5 categories, more than 500 types, more than 16,000 specifications of wire and cable. Such as cross-linked power cables, medium-voltage\/high-voltage power cables PVC power cables, branch cables, control cables, coal mine fire-retardant cables, fire-retardant fire-resistant cables low-smoke low-halogen cables, low-smoke halogen-free cables, aerial cables, rubber-sheathed cables, PVC wires, steel-core aluminium stranded wires and so on.<\/p><p>Shaanxi F. T Cable Co., Ltd. lembra a miss\u00e3o de &#034;melhorar o n\u00edvel de produtos, cria\u00e7\u00e3o de valor principal e atender as necessidades do cliente&#039;. Sempre em conformidade com o conceito de gerenciamento de integridade, de acordo com a qualidade primeiramente, cliente primeiramente finalidade. A inova\u00e7\u00e3o cont\u00ednua, a persegui\u00e7\u00e3o da excel\u00eancia, para cada ordem est\u00e1 sempre pronto.<\/p>\t\t\t\t\t\t\t\t<\/div>\n\t\t\t\t<\/div>\n\t\t\t\t<div class=\"elementor-element elementor-element-634036f elementor-widget__width-auto elementor-widget elementor-widget-button\" data-id=\"634036f\" data-element_type=\"widget\" data-widget_type=\"button.default\">\n\t\t\t\t<div class=\"elementor-widget-container\">\n\t\t\t\t\t\t\t\t\t<div class=\"elementor-button-wrapper\">\n\t\t\t\t\t<a class=\"elementor-button elementor-button-link elementor-size-sm elementor-animation-float\" href=\"\/contact%20us\">\n\t\t\t\t\t\t<span class=\"elementor-button-content-wrapper\">\n\t\t\t\t\t\t\t\t\t<span class=\"elementor-button-text\">CONTACTE-NOS<\/span>\n\t\t\t\t\t<\/span>\n\t\t\t\t\t<\/a>\n\t\t\t\t<\/div>\n\t\t\t\t\t\t\t\t<\/div>\n\t\t\t\t<\/div>\n\t\t\t\t<\/div>\n\t\t\t\t<\/div>\n\t\t<div class=\"elementor-element elementor-element-2ace0c77 e-con-full e-flex e-con e-parent\" data-id=\"2ace0c77\" data-element_type=\"container\" data-settings=\"{&quot;background_background&quot;:&quot;gradient&quot;}\">\n\t\t\t\t<div class=\"elementor-element elementor-element-4523e296 elementor-widget-divider--view-line elementor-widget elementor-widget-divider\" data-id=\"4523e296\" data-element_type=\"widget\" data-widget_type=\"divider.default\">\n\t\t\t\t<div class=\"elementor-widget-container\">\n\t\t\t\t\t\t\t<div class=\"elementor-divider\">\n\t\t\t<span class=\"elementor-divider-separator\">\n\t\t\t\t\t\t<\/span>\n\t\t<\/div>\n\t\t\t\t\t\t<\/div>\n\t\t\t\t<\/div>\n\t\t\t\t<div class=\"elementor-element elementor-element-6d73ded5 elementor-widget elementor-widget-heading\" data-id=\"6d73ded5\" data-element_type=\"widget\" data-widget_type=\"heading.default\">\n\t\t\t\t<div class=\"elementor-widget-container\">\n\t\t\t\t\t<h2 class=\"elementor-heading-title elementor-size-default\">Our certificates<\/h2>\t\t\t\t<\/div>\n\t\t\t\t<\/div>\n\t\t\t\t<div class=\"elementor-element elementor-element-5ac8cb0a elementor-align-center elementor-widget elementor-widget-button\" data-id=\"5ac8cb0a\" data-element_type=\"widget\" data-widget_type=\"button.default\">\n\t\t\t\t<div class=\"elementor-widget-container\">\n\t\t\t\t\t\t\t\t\t<div class=\"elementor-button-wrapper\">\n\t\t\t\t\t<a class=\"elementor-button elementor-button-link elementor-size-sm elementor-animation-shrink\" href=\"\/contact%20us\">\n\t\t\t\t\t\t<span class=\"elementor-button-content-wrapper\">\n\t\t\t\t\t\t\t\t\t<span class=\"elementor-button-text\">Start free online visit<\/span>\n\t\t\t\t\t<\/span>\n\t\t\t\t\t<\/a>\n\t\t\t\t<\/div>\n\t\t\t\t\t\t\t\t<\/div>\n\t\t\t\t<\/div>\n\t\t<div class=\"elementor-element elementor-element-7030d3f e-grid e-con-boxed e-con e-child\" data-id=\"7030d3f\" data-element_type=\"container\">\n\t\t\t\t\t<div class=\"e-con-inner\">\n\t\t\t\t<div class=\"elementor-element elementor-element-1b37908 elementor-widget elementor-widget-image\" data-id=\"1b37908\" data-element_type=\"widget\" data-widget_type=\"image.default\">\n\t\t\t\t<div class=\"elementor-widget-container\">\n\t\t\t\t\t\t\t\t\t\t\t\t\t\t\t<img fetchpriority=\"high\" decoding=\"async\" width=\"597\" height=\"842\" src=\"https:\/\/www.ftcable.com\/wp-content\/uploads\/CE-\u8ba4\u8bc1.jpg\" class=\"attachment-large size-large wp-image-404\" alt=\"\" srcset=\"https:\/\/www.ftcable.com\/wp-content\/uploads\/CE-\u8ba4\u8bc1.jpg 597w, https:\/\/www.ftcable.com\/wp-content\/uploads\/CE-\u8ba4\u8bc1-213x300.jpg 213w, https:\/\/www.ftcable.com\/wp-content\/uploads\/CE-\u8ba4\u8bc1-106x150.jpg 106w\" sizes=\"(max-width: 597px) 100vw, 597px\" \/>\t\t\t\t\t\t\t\t\t\t\t\t\t\t\t<\/div>\n\t\t\t\t<\/div>\n\t\t\t\t<div class=\"elementor-element elementor-element-fbad621 elementor-widget elementor-widget-image\" data-id=\"fbad621\" data-element_type=\"widget\" data-widget_type=\"image.default\">\n\t\t\t\t<div class=\"elementor-widget-container\">\n\t\t\t\t\t\t\t\t\t\t\t\t\t\t\t<img decoding=\"async\" width=\"646\" height=\"901\" src=\"https:\/\/www.ftcable.com\/wp-content\/uploads\/HTT\u8ba4\u8bc1.jpg\" class=\"attachment-large size-large wp-image-405\" alt=\"\" srcset=\"https:\/\/www.ftcable.com\/wp-content\/uploads\/HTT\u8ba4\u8bc1.jpg 646w, https:\/\/www.ftcable.com\/wp-content\/uploads\/HTT\u8ba4\u8bc1-215x300.jpg 215w, https:\/\/www.ftcable.com\/wp-content\/uploads\/HTT\u8ba4\u8bc1-108x150.jpg 108w\" sizes=\"(max-width: 646px) 100vw, 646px\" \/>\t\t\t\t\t\t\t\t\t\t\t\t\t\t\t<\/div>\n\t\t\t\t<\/div>\n\t\t\t\t<div class=\"elementor-element elementor-element-c301997 elementor-widget elementor-widget-image\" data-id=\"c301997\" data-element_type=\"widget\" data-widget_type=\"image.default\">\n\t\t\t\t<div class=\"elementor-widget-container\">\n\t\t\t\t\t\t\t\t\t\t\t\t\t\t\t<img decoding=\"async\" width=\"725\" height=\"1024\" src=\"https:\/\/www.ftcable.com\/wp-content\/uploads\/TUV-\u8ba4\u8bc1-725x1024.jpg\" class=\"attachment-large size-large wp-image-406\" alt=\"\" srcset=\"https:\/\/www.ftcable.com\/wp-content\/uploads\/TUV-\u8ba4\u8bc1-725x1024.jpg 725w, https:\/\/www.ftcable.com\/wp-content\/uploads\/TUV-\u8ba4\u8bc1-212x300.jpg 212w, https:\/\/www.ftcable.com\/wp-content\/uploads\/TUV-\u8ba4\u8bc1-106x150.jpg 106w, https:\/\/www.ftcable.com\/wp-content\/uploads\/TUV-\u8ba4\u8bc1-768x1085.jpg 768w, https:\/\/www.ftcable.com\/wp-content\/uploads\/TUV-\u8ba4\u8bc1.jpg 905w\" sizes=\"(max-width: 725px) 100vw, 725px\" \/>\t\t\t\t\t\t\t\t\t\t\t\t\t\t\t<\/div>\n\t\t\t\t<\/div>\n\t\t\t\t<div class=\"elementor-element elementor-element-d713b2f elementor-widget elementor-widget-image\" data-id=\"d713b2f\" data-element_type=\"widget\" data-widget_type=\"image.default\">\n\t\t\t\t<div class=\"elementor-widget-container\">\n\t\t\t\t\t\t\t\t\t\t\t\t\t\t\t<img loading=\"lazy\" decoding=\"async\" width=\"688\" height=\"802\" src=\"https:\/\/www.ftcable.com\/wp-content\/uploads\/UL\u8ba4\u8bc1.png\" class=\"attachment-full size-full wp-image-407\" alt=\"\" srcset=\"https:\/\/www.ftcable.com\/wp-content\/uploads\/UL\u8ba4\u8bc1.png 688w, https:\/\/www.ftcable.com\/wp-content\/uploads\/UL\u8ba4\u8bc1-257x300.png 257w, https:\/\/www.ftcable.com\/wp-content\/uploads\/UL\u8ba4\u8bc1-129x150.png 129w\" sizes=\"(max-width: 688px) 100vw, 688px\" \/>\t\t\t\t\t\t\t\t\t\t\t\t\t\t\t<\/div>\n\t\t\t\t<\/div>\n\t\t\t\t\t<\/div>\n\t\t\t\t<\/div>\n\t\t\t\t<\/div>\n\t\t\t\t<\/div>","protected":false},"excerpt":{"rendered":"<p>HOME&gt;company profile About us F. T Cable Co., Ltd is a comprehensive enterprise integrating &#8220;R&amp;D&#8221;, &#8220;production&#8221;, &#8220;sales&#8221; and &#8220;after-sales&#8221;. The company covers an area of more than 3,000 acres and has more than 2,000 employees. Including engineers, R&amp;D teams, professional and technical personnel and other diversified talents, it can produce 6 categories, more than 500 [&hellip;]<\/p>","protected":false},"author":1,"featured_media":0,"parent":0,"menu_order":7,"comment_status":"closed","ping_status":"closed","template":"elementor_header_footer","meta":{"_acf_changed":false,"footnotes":""},"class_list":["post-756","page","type-page","status-publish","hentry"],"acf":[],"_links":{"self":[{"href":"https:\/\/www.ftcable.com\/pt\/wp-json\/wp\/v2\/pages\/756","targetHints":{"allow":["GET"]}}],"collection":[{"href":"https:\/\/www.ftcable.com\/pt\/wp-json\/wp\/v2\/pages"}],"about":[{"href":"https:\/\/www.ftcable.com\/pt\/wp-json\/wp\/v2\/types\/page"}],"author":[{"embeddable":true,"href":"https:\/\/www.ftcable.com\/pt\/wp-json\/wp\/v2\/users\/1"}],"replies":[{"embeddable":true,"href":"https:\/\/www.ftcable.com\/pt\/wp-json\/wp\/v2\/comments?post=756"}],"version-history":[{"count":55,"href":"https:\/\/www.ftcable.com\/pt\/wp-json\/wp\/v2\/pages\/756\/revisions"}],"predecessor-version":[{"id":1597,"href":"https:\/\/www.ftcable.com\/pt\/wp-json\/wp\/v2\/pages\/756\/revisions\/1597"}],"wp:attachment":[{"href":"https:\/\/www.ftcable.com\/pt\/wp-json\/wp\/v2\/media?parent=756"}],"curies":[{"name":"wp","href":"https:\/\/api.w.org\/{rel}","templated":true}]}}